{"id":2646,"date":"2024-09-10T10:36:18","date_gmt":"2024-09-10T08:36:18","guid":{"rendered":"\/\/product\/indian-poets-booklet\/"},"modified":"2024-09-27T14:47:02","modified_gmt":"2024-09-27T12:47:02","slug":"indian-poets-booklet","status":"publish","type":"product","link":"https:\/\/www.thedesecrivains.com\/en\/product\/indian-poets-booklet\/","title":{"rendered":"Anthology of ten Indian poets"},"content":{"rendered":"<p>This anthology presents illustrious and legendary figures, still celebrated throughout India.<br \/>\nEach of these poets, in the course of their lives, was confronted with ordeals in the expression of their poetry: painful, tragic, romantic, always committed, they disoriented their view of the world and society.<br \/>\nIn the rhythm and light of their words, they have found, over the course of time, a strength and an echo that, even today, fortunately still resonate in this immense nation.    <\/p>\n<h1>Subtitle test<\/h1>\n<p><em><strong>Lokenath Bhattacharya<\/strong>, the most translated Bengali poet after Tagore<\/em><br \/>\n<em><strong>Mirza Ghalib<\/strong>, Urdu poet, famous for his ghazals<\/em><br \/>\n<em><strong>Kabir<\/strong>, Hindu mystic poet, father of oral literature, Hindi<\/em><br \/>\n<em><strong>K\u00e2lid\u00e2sa<\/strong>, ancient poet and symbol of Sanskrit literature<\/em><br \/>\n<em><strong>Meena Kumari<\/strong>, famous Bollywood actress and poet<\/em><br \/>\n<em><strong>Mirabai<\/strong> is the poet princess of the 16th century<\/em><br \/>\n<em><strong>Sarojini Naidu<\/strong>, committed poet, politician and feminist, alongside Gandhi<\/em><br \/>\n<em><strong>Amrita Pritam<\/strong>, whose destiny as a feminist politician and poetess is intimately linked to the Partition of India.<\/em><br \/>\n<em><strong>Tagore<\/strong>, the emblematic Indian poet, known as the world poet<\/em><br \/>\n<em><strong>Mahadevi Varma<\/strong>, 20th-century Hindi feminist and poet activist<\/em>  \u00c9ditions du Th\u00e9 des Ecrivains invites you to discover the ten cards featuring these poets while delicately sipping this Th\u00e9 des Po\u00e8tes Indiens Choose one, then take turns reading aloud a selection of excerpts from their works, creating a poetic experience of sensations, flavors and emotions.<br \/>\nPrinted on 100% cotton paper, gold silkscreen.<br \/>\nFormat 250&#215;170 \u00a9 Editions Th\u00e9 des \u00c9crivains 2024 ISBN 97829591555  <\/p>\n","protected":false},"excerpt":{"rendered":"<p>NEW<\/p>\n","protected":false},"featured_media":3464,"template":"","meta":[],"product_brand":[],"product_cat":[50],"product_tag":[],"class_list":{"0":"post-2646","1":"product","2":"type-product","3":"status-publish","4":"has-post-thumbnail","6":"product_cat-indian-poets-tea-set","8":"first","9":"instock","10":"taxable","11":"shipping-taxable","12":"purchasable","13":"product-type-simple"},"_links":{"self":[{"href":"https:\/\/www.thedesecrivains.com\/en\/wp-json\/wp\/v2\/product\/2646","targetHints":{"allow":["GET"]}}],"collection":[{"href":"https:\/\/www.thedesecrivains.com\/en\/wp-json\/wp\/v2\/product"}],"about":[{"href":"https:\/\/www.thedesecrivains.com\/en\/wp-json\/wp\/v2\/types\/product"}],"wp:featuredmedia":[{"embeddable":true,"href":"https:\/\/www.thedesecrivains.com\/en\/wp-json\/wp\/v2\/media\/3464"}],"wp:attachment":[{"href":"https:\/\/www.thedesecrivains.com\/en\/wp-json\/wp\/v2\/media?parent=2646"}],"wp:term":[{"taxonomy":"product_brand","embeddable":true,"href":"https:\/\/www.thedesecrivains.com\/en\/wp-json\/wp\/v2\/product_brand?post=2646"},{"taxonomy":"product_cat","embeddable":true,"href":"https:\/\/www.thedesecrivains.com\/en\/wp-json\/wp\/v2\/product_cat?post=2646"},{"taxonomy":"product_tag","embeddable":true,"href":"https:\/\/www.thedesecrivains.com\/en\/wp-json\/wp\/v2\/product_tag?post=2646"}],"curies":[{"name":"wp","href":"https:\/\/api.w.org\/{rel}","templated":true}]}}