{"id":2460,"date":"2023-08-19T17:38:46","date_gmt":"2023-08-19T15:38:46","guid":{"rendered":"\/\/product\/carnet-esquisse-et-musique-toulouse-lautrec-ce-que-dit-la-pluie-what-the-rain-says\/"},"modified":"2024-09-30T10:39:59","modified_gmt":"2024-09-30T08:39:59","slug":"carnet-esquisse-et-musique-toulouse-lautrec-ce-que-dit-la-pluie","status":"publish","type":"product","link":"https:\/\/www.thedesecrivains.com\/en\/product\/carnet-esquisse-et-musique-toulouse-lautrec-ce-que-dit-la-pluie\/","title":{"rendered":"Sketchbook and Music Toulouse Lautrec &#8220;What the rain says&#8221;"},"content":{"rendered":"<p>These Carnets were produced in collaboration with the <a href=\"https:\/\/www.chateautoulouselautrec.com\/\"><strong>Ch\u00e2teau de Malrom\u00e9<\/strong><\/a> and the <a href=\"https:\/\/musee-toulouse-lautrec.com\/\"><strong>Mus\u00e9e Toulouse Lautrec<\/strong><\/a> in Albi, based on two sketches by Toulouse Lautrec for two musical poems by <span style=\"color: #3366ff;\">Jean Richepin <\/span>and D\u00e9sir\u00e9 Dihau. <a href=\"https:\/\/data.bnf.fr\/fr\/documents-by-rdt\/14968002\/tum\/page2\"><span style=\"color: #3366ff;\">D\u00e9sir\u00e9 Dihau<\/span><\/a>. <span style=\"color: #3366ff;\">CE QUE DIT LA PLUIE<\/span> Cotton paper notebook. Watermarked cover, 1-color printing, rounded edges Inside, 28 pages, 1-color lined printing. Format 21&#215;15 cm<\/p>\n","protected":false},"excerpt":{"rendered":"<p>These Carnets were produced in collaboration with the Ch\u00e2teau de Malrom\u00e9 and the Mus\u00e9e Toulouse Lautrec in Albi, based on two sketches by Toulouse Lautrec for two musical poems by Jean Richepin and D\u00e9sir\u00e9 Dihau. D\u00e9sir\u00e9 Dihau. CE QUE DIT LA PLUIE Cotton paper notebook. Watermarked cover, 1-color printing, rounded edges Inside, 28 pages, 1-color [&hellip;]<\/p>\n","protected":false},"featured_media":2456,"template":"","meta":[],"product_brand":[],"product_cat":[48],"product_tag":[],"class_list":{"0":"post-2460","1":"product","2":"type-product","3":"status-publish","4":"has-post-thumbnail","6":"product_cat-toulouse-lautrec-sketchbooks","8":"first","9":"instock","10":"taxable","11":"shipping-taxable","12":"purchasable","13":"product-type-simple"},"_links":{"self":[{"href":"https:\/\/www.thedesecrivains.com\/en\/wp-json\/wp\/v2\/product\/2460","targetHints":{"allow":["GET"]}}],"collection":[{"href":"https:\/\/www.thedesecrivains.com\/en\/wp-json\/wp\/v2\/product"}],"about":[{"href":"https:\/\/www.thedesecrivains.com\/en\/wp-json\/wp\/v2\/types\/product"}],"wp:featuredmedia":[{"embeddable":true,"href":"https:\/\/www.thedesecrivains.com\/en\/wp-json\/wp\/v2\/media\/2456"}],"wp:attachment":[{"href":"https:\/\/www.thedesecrivains.com\/en\/wp-json\/wp\/v2\/media?parent=2460"}],"wp:term":[{"taxonomy":"product_brand","embeddable":true,"href":"https:\/\/www.thedesecrivains.com\/en\/wp-json\/wp\/v2\/product_brand?post=2460"},{"taxonomy":"product_cat","embeddable":true,"href":"https:\/\/www.thedesecrivains.com\/en\/wp-json\/wp\/v2\/product_cat?post=2460"},{"taxonomy":"product_tag","embeddable":true,"href":"https:\/\/www.thedesecrivains.com\/en\/wp-json\/wp\/v2\/product_tag?post=2460"}],"curies":[{"name":"wp","href":"https:\/\/api.w.org\/{rel}","templated":true}]}}