{"id":130,"date":"2023-06-22T23:03:55","date_gmt":"2023-06-22T21:03:55","guid":{"rendered":"\/\/product\/tea-antoine-de-saint-exupery\/"},"modified":"2023-07-28T17:44:37","modified_gmt":"2023-07-28T15:44:37","slug":"the-antoine-de-saint-exupery","status":"publish","type":"product","link":"https:\/\/www.thedesecrivains.com\/en\/product\/the-antoine-de-saint-exupery\/","title":{"rendered":"Tea Antoine de Saint-Exup\u00e9ry"},"content":{"rendered":"<p><strong>Le Th\u00e9 des \u00c9crivains Antoine de Saint Exup\u00e9ry<\/strong><\/p>\n<p>&#8220;Maybe it&#8217;s because I&#8217;m making you up that I care so much about you&#8221; Antoine de Saint-Exup\u00e9ry<\/p>\n<p>Ingredients: organic Bai mu dan white tea from Fujian China, cardamom, ginger, rose petals, rose and orange blossom aromas.<\/p>\n<p>Fresh, flowery taste, light yellow color. Low in theine<br \/>\ninfusion 4 to 20 min &#8211; temperature 60-70\u00b0.<br \/>\nCan also be drunk chilled.<\/p>\n<p><span style=\"background-color: #ffffff;\">The whole world of Saint-Exup\u00e9ry on  <\/span><br \/>\n<span style=\"background-color: #ffffff;\">www.saintexuperycollection.com<\/span><br \/>\n<span style=\"background-color: #ffffff;\">1\u20ac per box is donated to the Fondation Saint Exup\u00e9ry<\/span><\/p>\n","protected":false},"excerpt":{"rendered":"<p>Le Th\u00e9 des \u00c9crivains Antoine de Saint Exup\u00e9ry &#8220;Maybe it&#8217;s because I&#8217;m making you up that I care so much about you&#8221; Antoine de Saint-Exup\u00e9ry Ingredients: organic Bai mu dan white tea from Fujian China, cardamom, ginger, rose petals, rose and orange blossom aromas. Fresh, flowery taste, light yellow color. Low in theine infusion 4 [&hellip;]<\/p>\n","protected":false},"featured_media":2300,"template":"","meta":[],"product_brand":[],"product_cat":[26],"product_tag":[],"class_list":{"0":"post-130","1":"product","2":"type-product","3":"status-publish","4":"has-post-thumbnail","6":"product_cat-teas","8":"first","9":"instock","10":"taxable","11":"shipping-taxable","12":"purchasable","13":"product-type-simple"},"_links":{"self":[{"href":"https:\/\/www.thedesecrivains.com\/en\/wp-json\/wp\/v2\/product\/130","targetHints":{"allow":["GET"]}}],"collection":[{"href":"https:\/\/www.thedesecrivains.com\/en\/wp-json\/wp\/v2\/product"}],"about":[{"href":"https:\/\/www.thedesecrivains.com\/en\/wp-json\/wp\/v2\/types\/product"}],"wp:featuredmedia":[{"embeddable":true,"href":"https:\/\/www.thedesecrivains.com\/en\/wp-json\/wp\/v2\/media\/2300"}],"wp:attachment":[{"href":"https:\/\/www.thedesecrivains.com\/en\/wp-json\/wp\/v2\/media?parent=130"}],"wp:term":[{"taxonomy":"product_brand","embeddable":true,"href":"https:\/\/www.thedesecrivains.com\/en\/wp-json\/wp\/v2\/product_brand?post=130"},{"taxonomy":"product_cat","embeddable":true,"href":"https:\/\/www.thedesecrivains.com\/en\/wp-json\/wp\/v2\/product_cat?post=130"},{"taxonomy":"product_tag","embeddable":true,"href":"https:\/\/www.thedesecrivains.com\/en\/wp-json\/wp\/v2\/product_tag?post=130"}],"curies":[{"name":"wp","href":"https:\/\/api.w.org\/{rel}","templated":true}]}}