{"id":128,"date":"2023-06-22T23:03:51","date_gmt":"2023-06-22T21:03:51","guid":{"rendered":"\/\/product\/writers-tea-japanese\/"},"modified":"2024-10-04T21:59:51","modified_gmt":"2024-10-04T19:59:51","slug":"le-the-des-ecrivains-japonais","status":"publish","type":"product","link":"https:\/\/www.thedesecrivains.com\/en\/product\/le-the-des-ecrivains-japonais\/","title":{"rendered":"Writers&#8217; Tea \u00ae Japanese"},"content":{"rendered":"<p>Sencha green tea, natural cherry aroma, symbol of purity, cherry stems, enhanced by a hint of maraschino. <strong>In tribute to<\/strong> Ry\u00fbnosuke Akutagawa, Sh\u014dko Ema, Fumiko Enchi, Fumiko Hayashi, Tatsuo Hori, Yasunari Kawabata, Yukio Mishima, Kenzabur\u00f4 O\u00e9, Kanoko Okamato, Edogawa Ranpo, Natsume Soseki, Jun&#8217;ichir\u014d Tanizaki. <em>illustrations Hugues Micol<\/em><em>&#8220;It&#8217;s a curious thing, humanity has always gathered around a cup of tea&#8221;.<\/em> Kakuzo Okakura, The Book of Tea. Can also be enjoyed hot or iced with a few drops of Sake.<em>  The abuse of tears to accompany your teas is dangerous for your health.<\/em><\/p>\n","protected":false},"excerpt":{"rendered":"<p>Sencha green tea, natural cherry aroma, symbol of purity, cherry stems, enhanced by a hint of maraschino. In tribute to Ry\u00fbnosuke Akutagawa, Sh\u014dko Ema, Fumiko Enchi, Fumiko Hayashi, Tatsuo Hori, Yasunari Kawabata, Yukio Mishima, Kenzabur\u00f4 O\u00e9, Kanoko Okamato, Edogawa Ranpo, Natsume Soseki, Jun&#8217;ichir\u014d Tanizaki. illustrations Hugues Micol&#8220;It&#8217;s a curious thing, humanity has always gathered around [&hellip;]<\/p>\n","protected":false},"featured_media":178,"template":"","meta":[],"product_brand":[],"product_cat":[26],"product_tag":[],"class_list":{"0":"post-128","1":"product","2":"type-product","3":"status-publish","4":"has-post-thumbnail","6":"product_cat-teas","8":"first","9":"instock","10":"taxable","11":"shipping-taxable","12":"purchasable","13":"product-type-simple"},"_links":{"self":[{"href":"https:\/\/www.thedesecrivains.com\/en\/wp-json\/wp\/v2\/product\/128","targetHints":{"allow":["GET"]}}],"collection":[{"href":"https:\/\/www.thedesecrivains.com\/en\/wp-json\/wp\/v2\/product"}],"about":[{"href":"https:\/\/www.thedesecrivains.com\/en\/wp-json\/wp\/v2\/types\/product"}],"wp:featuredmedia":[{"embeddable":true,"href":"https:\/\/www.thedesecrivains.com\/en\/wp-json\/wp\/v2\/media\/178"}],"wp:attachment":[{"href":"https:\/\/www.thedesecrivains.com\/en\/wp-json\/wp\/v2\/media?parent=128"}],"wp:term":[{"taxonomy":"product_brand","embeddable":true,"href":"https:\/\/www.thedesecrivains.com\/en\/wp-json\/wp\/v2\/product_brand?post=128"},{"taxonomy":"product_cat","embeddable":true,"href":"https:\/\/www.thedesecrivains.com\/en\/wp-json\/wp\/v2\/product_cat?post=128"},{"taxonomy":"product_tag","embeddable":true,"href":"https:\/\/www.thedesecrivains.com\/en\/wp-json\/wp\/v2\/product_tag?post=128"}],"curies":[{"name":"wp","href":"https:\/\/api.w.org\/{rel}","templated":true}]}}