{"id":54,"date":"2023-06-22T15:39:55","date_gmt":"2023-06-22T13:39:55","guid":{"rendered":"\/\/home\/"},"modified":"2025-02-28T14:53:33","modified_gmt":"2025-02-28T13:53:33","slug":"home","status":"publish","type":"page","link":"https:\/\/www.thedesecrivains.com\/en\/","title":{"rendered":"Home"},"content":{"rendered":"\n<div class=\"wp-block-columns is-layout-flex wp-container-core-columns-is-layout-28f84493 wp-block-columns-is-layout-flex\">\n<div class=\"wp-block-column is-layout-flow wp-block-column-is-layout-flow\" style=\"flex-basis:100%\">\n<figure class=\"wp-block-image size-full size-large large\"><a href=\"https:\/\/agenda.printempsdespoetes.com\/evenements\/experience-poetique-autour-de-la-poesie-indienne\/\"><img loading=\"lazy\" decoding=\"async\" width=\"1181\" height=\"644\" src=\"https:\/\/www.thedesecrivains.com\/wp-content\/uploads\/2025\/02\/MUSEE-GUIMET-HOME-LAST.jpg\" alt=\"\" class=\"wp-image-3500\" srcset=\"https:\/\/www.thedesecrivains.com\/wp-content\/uploads\/2025\/02\/MUSEE-GUIMET-HOME-LAST.jpg 1181w, https:\/\/www.thedesecrivains.com\/wp-content\/uploads\/2025\/02\/MUSEE-GUIMET-HOME-LAST-800x436.jpg 800w, https:\/\/www.thedesecrivains.com\/wp-content\/uploads\/2025\/02\/MUSEE-GUIMET-HOME-LAST-500x273.jpg 500w, https:\/\/www.thedesecrivains.com\/wp-content\/uploads\/2025\/02\/MUSEE-GUIMET-HOME-LAST-768x419.jpg 768w, https:\/\/www.thedesecrivains.com\/wp-content\/uploads\/2025\/02\/MUSEE-GUIMET-HOME-LAST-324x177.jpg 324w, https:\/\/www.thedesecrivains.com\/wp-content\/uploads\/2025\/02\/MUSEE-GUIMET-HOME-LAST-416x227.jpg 416w\" sizes=\"auto, (max-width: 1181px) 100vw, 1181px\" \/><\/a><figcaption class=\"wp-element-caption\"><strong>A poetic experience based on Indian poetry<\/strong><br\/>Les Editions du Th\u00e9 des \u00c9crivains in partnership with the Mus\u00e9e Guimet to celebrate the 25th Printemps des Po\u00e8tes.<\/figcaption><\/figure>\n<\/div>\n<\/div>\n\n<figure class=\"wp-block-image size-large is-resized\"><a href=\"\/product\/livret-des-poetes-indiens\/\"><img loading=\"lazy\" decoding=\"async\" width=\"1600\" height=\"1067\" src=\"\/wp-content\/uploads\/2024\/09\/Pages_livret-1600x1067.jpg\" alt=\"Book of Indian poets\" class=\"wp-image-2687\" style=\"width:1008px;height:auto\" srcset=\"https:\/\/www.thedesecrivains.com\/wp-content\/uploads\/2024\/09\/Pages_livret-1600x1067.jpg 1600w, https:\/\/www.thedesecrivains.com\/wp-content\/uploads\/2024\/09\/Pages_livret-2048x1365.jpg 2048w, https:\/\/www.thedesecrivains.com\/wp-content\/uploads\/2024\/09\/Pages_livret-500x333.jpg 500w, https:\/\/www.thedesecrivains.com\/wp-content\/uploads\/2024\/09\/Pages_livret-800x533.jpg 800w, https:\/\/www.thedesecrivains.com\/wp-content\/uploads\/2024\/09\/Pages_livret-768x512.jpg 768w, https:\/\/www.thedesecrivains.com\/wp-content\/uploads\/2024\/09\/Pages_livret-1536x1024.jpg 1536w, https:\/\/www.thedesecrivains.com\/wp-content\/uploads\/2024\/09\/Pages_livret-1320x880.jpg 1320w, https:\/\/www.thedesecrivains.com\/wp-content\/uploads\/2024\/09\/Pages_livret-324x216.jpg 324w, https:\/\/www.thedesecrivains.com\/wp-content\/uploads\/2024\/09\/Pages_livret-416x277.jpg 416w\" sizes=\"auto, (max-width: 1600px) 100vw, 1600px\" \/><\/a><figcaption class=\"wp-element-caption\"><strong>Anthology of Indian poets<\/strong> <br\/>A refined edition for discovering and sharing excerpts of Indian poetry<br\/><\/figcaption><\/figure>\n\n<figure class=\"wp-block-image size-large is-resized slideshow\"><a href=\"\/product-category\/papeterie\/coffret-the-des-poetes-indiens\/\"><img loading=\"lazy\" decoding=\"async\" width=\"1593\" height=\"1600\" src=\"https:\/\/www.thedesecrivains.com\/wp-content\/uploads\/2025\/01\/Coffret_carre-1593x1600.jpg\" alt=\"\" class=\"wp-image-3426\" style=\"width:722px;height:auto\" srcset=\"https:\/\/www.thedesecrivains.com\/wp-content\/uploads\/2025\/01\/Coffret_carre-1593x1600.jpg 1593w, https:\/\/www.thedesecrivains.com\/wp-content\/uploads\/2025\/01\/Coffret_carre-797x800.jpg 797w, https:\/\/www.thedesecrivains.com\/wp-content\/uploads\/2025\/01\/Coffret_carre-498x500.jpg 498w, https:\/\/www.thedesecrivains.com\/wp-content\/uploads\/2025\/01\/Coffret_carre-768x771.jpg 768w, https:\/\/www.thedesecrivains.com\/wp-content\/uploads\/2025\/01\/Coffret_carre-1530x1536.jpg 1530w, https:\/\/www.thedesecrivains.com\/wp-content\/uploads\/2025\/01\/Coffret_carre-2040x2048.jpg 2040w, https:\/\/www.thedesecrivains.com\/wp-content\/uploads\/2025\/01\/Coffret_carre-1320x1325.jpg 1320w, https:\/\/www.thedesecrivains.com\/wp-content\/uploads\/2025\/01\/Coffret_carre-324x325.jpg 324w, https:\/\/www.thedesecrivains.com\/wp-content\/uploads\/2025\/01\/Coffret_carre-416x418.jpg 416w, https:\/\/www.thedesecrivains.com\/wp-content\/uploads\/2025\/01\/Coffret_carre-100x100.jpg 100w\" sizes=\"auto, (max-width: 1593px) 100vw, 1593px\" \/><\/a><figcaption class=\"wp-element-caption\"><strong>Le Coffret Po\u00e8tes indiens <\/strong><br\/>A limited-edition production in a precious gift box for poetry lovers.<br\/><\/figcaption><\/figure>\n\n<figure class=\"wp-block-image size-full\"><a href=\"\/product-category\/papeterie\/collection-jacques-tati\/\"><img loading=\"lazy\" decoding=\"async\" width=\"1600\" height=\"1066\" src=\"\/wp-content\/uploads\/2023\/06\/media_file_933.jpg\" alt=\"Collection Jacques Tati &amp;amp; Le th&#xE9; des &#xC9;crivains\" class=\"wp-image-1701\" srcset=\"https:\/\/www.thedesecrivains.com\/wp-content\/uploads\/2023\/06\/media_file_933.jpg 1600w, https:\/\/www.thedesecrivains.com\/wp-content\/uploads\/2023\/06\/media_file_933-500x333.jpg 500w, https:\/\/www.thedesecrivains.com\/wp-content\/uploads\/2023\/06\/media_file_933-800x533.jpg 800w, https:\/\/www.thedesecrivains.com\/wp-content\/uploads\/2023\/06\/media_file_933-768x512.jpg 768w, https:\/\/www.thedesecrivains.com\/wp-content\/uploads\/2023\/06\/media_file_933-1536x1023.jpg 1536w, https:\/\/www.thedesecrivains.com\/wp-content\/uploads\/2023\/06\/media_file_933-1320x879.jpg 1320w, https:\/\/www.thedesecrivains.com\/wp-content\/uploads\/2023\/06\/media_file_933-324x216.jpg 324w, https:\/\/www.thedesecrivains.com\/wp-content\/uploads\/2023\/06\/media_file_933-416x277.jpg 416w\" sizes=\"auto, (max-width: 1600px) 100vw, 1600px\" \/><\/a><figcaption class=\"wp-element-caption\"><strong>Collection Jacques Tati<\/strong><br\/>Meeting between the Th\u00e9 des \u00c9crivains and Jacques Tati<br\/><\/figcaption><\/figure>\n\n<figure class=\"wp-block-image size-large is-resized\"><a href=\"\/product-category\/papeterie\/collection-classic-multicolore\/\"><img decoding=\"async\" src=\"\/wp-content\/uploads\/2023\/07\/CLASSIC-3-1600x1092.jpg\" alt=\"Classic Collection\" class=\"wp-image-2210\" style=\"aspect-ratio:0.6666666666666666;object-fit:cover;width:714px;height:auto\"\/><\/a><figcaption class=\"wp-element-caption\"><strong>Multicolored notebook collection <\/strong><br\/>Precious notebooks with multicolored cotton paper sheets<br\/><\/figcaption><\/figure>\n\n<figure class=\"wp-block-image size-full\"><a href=\"\/product-category\/thes\/\"><img loading=\"lazy\" decoding=\"async\" width=\"1281\" height=\"501\" src=\"\/wp-content\/uploads\/2023\/06\/media_file_5.jpg\" alt=\"Writers' Tea\" class=\"wp-image-131\" srcset=\"https:\/\/www.thedesecrivains.com\/wp-content\/uploads\/2023\/06\/media_file_5.jpg 1281w, https:\/\/www.thedesecrivains.com\/wp-content\/uploads\/2023\/06\/media_file_5-500x196.jpg 500w, https:\/\/www.thedesecrivains.com\/wp-content\/uploads\/2023\/06\/media_file_5-800x313.jpg 800w, https:\/\/www.thedesecrivains.com\/wp-content\/uploads\/2023\/06\/media_file_5-768x300.jpg 768w, https:\/\/www.thedesecrivains.com\/wp-content\/uploads\/2023\/06\/media_file_5-324x127.jpg 324w, https:\/\/www.thedesecrivains.com\/wp-content\/uploads\/2023\/06\/media_file_5-416x163.jpg 416w\" sizes=\"auto, (max-width: 1281px) 100vw, 1281px\" \/><\/a><figcaption class=\"wp-element-caption\"> <strong> Th\u00e9 des \u00c9crivains Collection<\/strong><br\/>Original flavor creations<\/figcaption><\/figure>\n\n<figure class=\"wp-block-image size-thumbnail\"><a href=\"\/product-category\/papeterie\/collection-carnets-nec-prunus\/\"><img loading=\"lazy\" decoding=\"async\" width=\"500\" height=\"381\" src=\"\/wp-content\/uploads\/2024\/10\/Intro-NP-scaled-e1730363921593-edited-2-500x381.jpg\" alt=\"Collection Carnets Nec Prunus\" class=\"wp-image-3145\" srcset=\"https:\/\/www.thedesecrivains.com\/wp-content\/uploads\/2024\/10\/Intro-NP-scaled-e1730363921593-edited-2-500x381.jpg 500w, https:\/\/www.thedesecrivains.com\/wp-content\/uploads\/2024\/10\/Intro-NP-scaled-e1730363921593-edited-2-800x609.jpg 800w, https:\/\/www.thedesecrivains.com\/wp-content\/uploads\/2024\/10\/Intro-NP-scaled-e1730363921593-edited-2-768x585.jpg 768w, https:\/\/www.thedesecrivains.com\/wp-content\/uploads\/2024\/10\/Intro-NP-scaled-e1730363921593-edited-2-324x247.jpg 324w, https:\/\/www.thedesecrivains.com\/wp-content\/uploads\/2024\/10\/Intro-NP-scaled-e1730363921593-edited-2-416x317.jpg 416w, https:\/\/www.thedesecrivains.com\/wp-content\/uploads\/2024\/10\/Intro-NP-scaled-e1730363921593-edited-2.jpg 1111w\" sizes=\"auto, (max-width: 500px) 100vw, 500px\" \/><\/a><figcaption class=\"wp-element-caption\"><strong>Nec Prunus Collection<\/strong><br\/>Fruity and colorful collection<\/figcaption><\/figure>\n\n<figure class=\"wp-block-image size-large\"><a href=\"\/product-category\/papeterie\/cahiers-conceptuels\/\"><img decoding=\"async\" src=\"\/wp-content\/uploads\/2023\/07\/80A1104-1600x1600.jpg\" alt=\"Collection Cahiers Conceptuels\" class=\"wp-image-2102\"\/><\/a><figcaption class=\"wp-element-caption\"><strong>Collection cahiers conceptuels<\/strong><br\/>six notebooks of beautiful intentions to discover<br\/><br\/><\/figcaption><\/figure>\n\n<figure class=\"wp-block-image size-full\"><a href=\"https:\/\/www.thedesecrivains.com\/en\/le-salon-the-des-ecrivains-dordogne-perigord\/\"><img loading=\"lazy\" decoding=\"async\" width=\"630\" height=\"463\" src=\"\/wp-content\/uploads\/2023\/06\/Boutique-Montignac.jpg\" alt=\"\" class=\"wp-image-1780\" srcset=\"https:\/\/www.thedesecrivains.com\/wp-content\/uploads\/2023\/06\/Boutique-Montignac.jpg 630w, https:\/\/www.thedesecrivains.com\/wp-content\/uploads\/2023\/06\/Boutique-Montignac-500x367.jpg 500w, https:\/\/www.thedesecrivains.com\/wp-content\/uploads\/2023\/06\/Boutique-Montignac-324x238.jpg 324w, https:\/\/www.thedesecrivains.com\/wp-content\/uploads\/2023\/06\/Boutique-Montignac-416x306.jpg 416w\" sizes=\"auto, (max-width: 630px) 100vw, 630px\" \/><\/a><figcaption class=\"wp-element-caption\"><strong>La Boutique-Salon de Th\u00e9 in Montignac-Lascaux<\/strong> <br\/>Dordogne- P\u00e9rigord noir<\/figcaption><\/figure>\n\n<p><\/p>\n\n<p><\/p>\n\n<h2 class=\"wp-block-heading\">Selection<\/h2>\n<div data-block-name=\"woocommerce\/handpicked-products\" data-products=\"[2646,2278,2246]\" class=\"wc-block-grid wp-block-handpicked-products wp-block-woocommerce-handpicked-products wc-block-handpicked-products has-3-columns has-multiple-rows\"><ul class=\"wc-block-grid__products\"><li class=\"wc-block-grid__product\">\n\t\t\t\t<a href=\"https:\/\/www.thedesecrivains.com\/en\/product\/indian-poets-booklet\/\" class=\"wc-block-grid__product-link\">\n\t\t\t\t\t\n\t\t\t\t\t<div class=\"wc-block-grid__product-image\"><img loading=\"lazy\" decoding=\"async\" width=\"324\" height=\"405\" src=\"https:\/\/www.thedesecrivains.com\/wp-content\/uploads\/2024\/09\/Livret-1-ok-324x405.jpg\" class=\"attachment-woocommerce_thumbnail size-woocommerce_thumbnail\" alt=\"Anthology of ten Indian poets\" srcset=\"https:\/\/www.thedesecrivains.com\/wp-content\/uploads\/2024\/09\/Livret-1-ok-324x405.jpg 324w, https:\/\/www.thedesecrivains.com\/wp-content\/uploads\/2024\/09\/Livret-1-ok-640x800.jpg 640w, https:\/\/www.thedesecrivains.com\/wp-content\/uploads\/2024\/09\/Livret-1-ok-400x500.jpg 400w, https:\/\/www.thedesecrivains.com\/wp-content\/uploads\/2024\/09\/Livret-1-ok-768x960.jpg 768w, https:\/\/www.thedesecrivains.com\/wp-content\/uploads\/2024\/09\/Livret-1-ok-416x520.jpg 416w, https:\/\/www.thedesecrivains.com\/wp-content\/uploads\/2024\/09\/Livret-1-ok.jpg 800w\" sizes=\"auto, (max-width: 324px) 100vw, 324px\" \/><\/div>\n\t\t\t\t\t<div class=\"wc-block-grid__product-title\">Anthology of ten Indian poets<\/div>\n\t\t\t\t<\/a>\n\t\t\t\t<div class=\"wc-block-grid__product-price price\"><span class=\"woocommerce-Price-amount amount\">17,00&nbsp;<span class=\"woocommerce-Price-currencySymbol\">&euro;<\/span><\/span><\/div>\n\t\t\t\t\n\t\t\t\t<div class=\"wp-block-button wc-block-grid__product-add-to-cart\"><a href=\"\/en\/wp-json\/wp\/v2\/pages\/54?add-to-cart=2646\" aria-label=\"Add to cart: &ldquo;Anthology of ten Indian poets&rdquo;\" data-quantity=\"1\" data-product_id=\"2646\" data-product_sku=\"\" data-price=\"17\" rel=\"nofollow\" class=\"wp-block-button__link  add_to_cart_button ajax_add_to_cart\">Add to cart<\/a><\/div>\n\t\t\t<\/li><li class=\"wc-block-grid__product\">\n\t\t\t\t<a href=\"https:\/\/www.thedesecrivains.com\/en\/product\/notebook-classic-fushia-white-pages\/\" class=\"wc-block-grid__product-link\">\n\t\t\t\t\t\n\t\t\t\t\t<div class=\"wc-block-grid__product-image\"><img loading=\"lazy\" decoding=\"async\" width=\"324\" height=\"316\" src=\"https:\/\/www.thedesecrivains.com\/wp-content\/uploads\/2023\/07\/80A1008-scaled-e1690554977562-324x316.jpg\" class=\"attachment-woocommerce_thumbnail size-woocommerce_thumbnail\" alt=\"Cahier Classic pages blanches Fushia\" srcset=\"https:\/\/www.thedesecrivains.com\/wp-content\/uploads\/2023\/07\/80A1008-scaled-e1690554977562-324x316.jpg 324w, https:\/\/www.thedesecrivains.com\/wp-content\/uploads\/2023\/07\/80A1008-scaled-e1690554977562-800x781.jpg 800w, https:\/\/www.thedesecrivains.com\/wp-content\/uploads\/2023\/07\/80A1008-scaled-e1690554977562-1600x1562.jpg 1600w, https:\/\/www.thedesecrivains.com\/wp-content\/uploads\/2023\/07\/80A1008-scaled-e1690554977562-500x488.jpg 500w, https:\/\/www.thedesecrivains.com\/wp-content\/uploads\/2023\/07\/80A1008-scaled-e1690554977562-768x750.jpg 768w, https:\/\/www.thedesecrivains.com\/wp-content\/uploads\/2023\/07\/80A1008-scaled-e1690554977562-1536x1500.jpg 1536w, https:\/\/www.thedesecrivains.com\/wp-content\/uploads\/2023\/07\/80A1008-scaled-e1690554977562-1320x1289.jpg 1320w, https:\/\/www.thedesecrivains.com\/wp-content\/uploads\/2023\/07\/80A1008-scaled-e1690554977562-416x406.jpg 416w, https:\/\/www.thedesecrivains.com\/wp-content\/uploads\/2023\/07\/80A1008-scaled-e1690554977562.jpg 1769w\" sizes=\"auto, (max-width: 324px) 100vw, 324px\" \/><\/div>\n\t\t\t\t\t<div class=\"wc-block-grid__product-title\">Classic Fushia notebook, white pages<\/div>\n\t\t\t\t<\/a>\n\t\t\t\t<div class=\"wc-block-grid__product-price price\"><span class=\"woocommerce-Price-amount amount\">12,00&nbsp;<span class=\"woocommerce-Price-currencySymbol\">&euro;<\/span><\/span><\/div>\n\t\t\t\t\n\t\t\t\t<div class=\"wp-block-button wc-block-grid__product-add-to-cart\"><a href=\"\/en\/wp-json\/wp\/v2\/pages\/54?add-to-cart=2278\" aria-label=\"Add to cart: &ldquo;Classic Fushia notebook, white pages&rdquo;\" data-quantity=\"1\" data-product_id=\"2278\" data-product_sku=\"CCTPBFUS\" data-price=\"12\" rel=\"nofollow\" class=\"wp-block-button__link  add_to_cart_button ajax_add_to_cart\">Add to cart<\/a><\/div>\n\t\t\t<\/li><li class=\"wc-block-grid__product\">\n\t\t\t\t<a href=\"https:\/\/www.thedesecrivains.com\/en\/product\/carnet-nec-prunus-bleu\/\" class=\"wc-block-grid__product-link\">\n\t\t\t\t\t\n\t\t\t\t\t<div class=\"wc-block-grid__product-image\"><img loading=\"lazy\" decoding=\"async\" width=\"324\" height=\"326\" src=\"https:\/\/www.thedesecrivains.com\/wp-content\/uploads\/2023\/07\/80A1060-scaled-e1690539975555-324x326.jpg\" class=\"attachment-woocommerce_thumbnail size-woocommerce_thumbnail\" alt=\"Notebook Nec Prunus Blue\" srcset=\"https:\/\/www.thedesecrivains.com\/wp-content\/uploads\/2023\/07\/80A1060-scaled-e1690539975555-324x326.jpg 324w, https:\/\/www.thedesecrivains.com\/wp-content\/uploads\/2023\/07\/80A1060-scaled-e1690539975555-794x800.jpg 794w, https:\/\/www.thedesecrivains.com\/wp-content\/uploads\/2023\/07\/80A1060-scaled-e1690539975555-497x500.jpg 497w, https:\/\/www.thedesecrivains.com\/wp-content\/uploads\/2023\/07\/80A1060-scaled-e1690539975555-768x773.jpg 768w, https:\/\/www.thedesecrivains.com\/wp-content\/uploads\/2023\/07\/80A1060-scaled-e1690539975555-416x419.jpg 416w, https:\/\/www.thedesecrivains.com\/wp-content\/uploads\/2023\/07\/80A1060-scaled-e1690539975555-100x100.jpg 100w, https:\/\/www.thedesecrivains.com\/wp-content\/uploads\/2023\/07\/80A1060-scaled-e1690539975555.jpg 1004w\" sizes=\"auto, (max-width: 324px) 100vw, 324px\" \/><\/div>\n\t\t\t\t\t<div class=\"wc-block-grid__product-title\">Notebook Nec Prunus Blue<\/div>\n\t\t\t\t<\/a>\n\t\t\t\t<div class=\"wc-block-grid__product-price price\"><span class=\"woocommerce-Price-amount amount\">8,50&nbsp;<span class=\"woocommerce-Price-currencySymbol\">&euro;<\/span><\/span><\/div>\n\t\t\t\t\n\t\t\t\t<div class=\"wp-block-button wc-block-grid__product-add-to-cart\"><a href=\"\/en\/wp-json\/wp\/v2\/pages\/54?add-to-cart=2246\" aria-label=\"Add to cart: &ldquo;Notebook Nec Prunus Blue&rdquo;\" data-quantity=\"1\" data-product_id=\"2246\" data-product_sku=\"\" data-price=\"8.5\" rel=\"nofollow\" class=\"wp-block-button__link  add_to_cart_button ajax_add_to_cart\">Add to cart<\/a><\/div>\n\t\t\t<\/li><\/ul><\/div>\n<p><\/p>\n\n<p><\/p>\n","protected":false},"excerpt":{"rendered":"<p>Selection<\/p>\n","protected":false},"author":339,"featured_media":0,"parent":0,"menu_order":0,"comment_status":"closed","ping_status":"closed","template":"","meta":{"footnotes":""},"class_list":["post-54","page","type-page","status-publish","hentry"],"_links":{"self":[{"href":"https:\/\/www.thedesecrivains.com\/en\/wp-json\/wp\/v2\/pages\/54","targetHints":{"allow":["GET"]}}],"collection":[{"href":"https:\/\/www.thedesecrivains.com\/en\/wp-json\/wp\/v2\/pages"}],"about":[{"href":"https:\/\/www.thedesecrivains.com\/en\/wp-json\/wp\/v2\/types\/page"}],"author":[{"embeddable":true,"href":"https:\/\/www.thedesecrivains.com\/en\/wp-json\/wp\/v2\/users\/339"}],"replies":[{"embeddable":true,"href":"https:\/\/www.thedesecrivains.com\/en\/wp-json\/wp\/v2\/comments?post=54"}],"version-history":[{"count":121,"href":"https:\/\/www.thedesecrivains.com\/en\/wp-json\/wp\/v2\/pages\/54\/revisions"}],"predecessor-version":[{"id":3526,"href":"https:\/\/www.thedesecrivains.com\/en\/wp-json\/wp\/v2\/pages\/54\/revisions\/3526"}],"wp:attachment":[{"href":"https:\/\/www.thedesecrivains.com\/en\/wp-json\/wp\/v2\/media?parent=54"}],"curies":[{"name":"wp","href":"https:\/\/api.w.org\/{rel}","templated":true}]}}