{"id":2849,"date":"2024-09-27T10:16:22","date_gmt":"2024-09-27T08:16:22","guid":{"rendered":"\/\/professionals\/"},"modified":"2024-10-20T16:01:25","modified_gmt":"2024-10-20T14:01:25","slug":"professionals","status":"publish","type":"page","link":"https:\/\/www.thedesecrivains.com\/en\/professionals\/","title":{"rendered":"Professionals"},"content":{"rendered":"\n<p>BUSINESS INFORMATION<br><a href=\"mailto:info@thedesecrivains.com\">info@thedesecrivains.com<\/a><\/p>\n\n\n\n<p><strong>Le Th\u00e9 des \u00c9crivains<\/strong><br><em>Boutique &amp; Salon de Th\u00e9<\/em><br>8, place Joseph Joubert<br>24290 Montignac-Lascaux<br>+ 33 5 53 42 80 27<\/p>\n\n\n\n<p>RESPONSIBLE<br>Ros&#8217;Ana Reis<br><a href=\"mailto:boutique@thedesecrivains.com\">boutique@thedesecrivains.com<\/a><\/p>\n\n\n\n<p>DIRECTION<br>Georges-Emmanuel Morali<br><a href=\"mailto:info@thedesecrivains.com\">gem@thedesecrivains.com<\/a><\/p>\n\n\n\n<p><\/p>\n\n\n\n<p>PARTNERSHIPS &#8211; DERIVATIVE PRODUCTS<\/p>\n\n\n\n<figure class=\"wp-block-gallery has-nested-images columns-default is-cropped wp-block-gallery-1 is-layout-flex wp-block-gallery-is-layout-flex\">\n<figure class=\"wp-block-image size-large\"><img loading=\"lazy\" decoding=\"async\" width=\"549\" height=\"800\" data-id=\"3088\" src=\"\/wp-content\/uploads\/2024\/10\/media_thumbnail_745.jpg\" alt=\"\" class=\"wp-image-3088\" style=\"aspect-ratio:1.3333333333333333;object-fit:cover\" srcset=\"https:\/\/www.thedesecrivains.com\/wp-content\/uploads\/2024\/10\/media_thumbnail_745.jpg 549w, https:\/\/www.thedesecrivains.com\/wp-content\/uploads\/2024\/10\/media_thumbnail_745-343x500.jpg 343w, https:\/\/www.thedesecrivains.com\/wp-content\/uploads\/2024\/10\/media_thumbnail_745-324x472.jpg 324w, https:\/\/www.thedesecrivains.com\/wp-content\/uploads\/2024\/10\/media_thumbnail_745-416x606.jpg 416w\" sizes=\"auto, (max-width: 549px) 100vw, 549px\" \/><\/figure>\n\n\n\n<figure class=\"wp-block-image size-large\"><img loading=\"lazy\" decoding=\"async\" width=\"527\" height=\"800\" data-id=\"3090\" src=\"\/wp-content\/uploads\/2024\/10\/media_thumbnail_746.jpg\" alt=\"\" class=\"wp-image-3090\" srcset=\"https:\/\/www.thedesecrivains.com\/wp-content\/uploads\/2024\/10\/media_thumbnail_746.jpg 527w, https:\/\/www.thedesecrivains.com\/wp-content\/uploads\/2024\/10\/media_thumbnail_746-329x500.jpg 329w, https:\/\/www.thedesecrivains.com\/wp-content\/uploads\/2024\/10\/media_thumbnail_746-324x492.jpg 324w, https:\/\/www.thedesecrivains.com\/wp-content\/uploads\/2024\/10\/media_thumbnail_746-416x631.jpg 416w\" sizes=\"auto, (max-width: 527px) 100vw, 527px\" \/><\/figure>\n\n\n\n<figure class=\"wp-block-image size-large\"><img loading=\"lazy\" decoding=\"async\" width=\"565\" height=\"800\" data-id=\"3092\" src=\"\/wp-content\/uploads\/2024\/10\/media_thumbnail_753.jpg\" alt=\"\" class=\"wp-image-3092\" srcset=\"https:\/\/www.thedesecrivains.com\/wp-content\/uploads\/2024\/10\/media_thumbnail_753.jpg 565w, https:\/\/www.thedesecrivains.com\/wp-content\/uploads\/2024\/10\/media_thumbnail_753-353x500.jpg 353w, https:\/\/www.thedesecrivains.com\/wp-content\/uploads\/2024\/10\/media_thumbnail_753-324x459.jpg 324w, https:\/\/www.thedesecrivains.com\/wp-content\/uploads\/2024\/10\/media_thumbnail_753-416x589.jpg 416w\" sizes=\"auto, (max-width: 565px) 100vw, 565px\" \/><\/figure>\n\n\n\n<figure class=\"wp-block-image size-large\"><img loading=\"lazy\" decoding=\"async\" width=\"565\" height=\"800\" data-id=\"3086\" src=\"\/wp-content\/uploads\/2024\/10\/media_thumbnail_744.jpg\" alt=\"\" class=\"wp-image-3086\" srcset=\"https:\/\/www.thedesecrivains.com\/wp-content\/uploads\/2024\/10\/media_thumbnail_744.jpg 565w, https:\/\/www.thedesecrivains.com\/wp-content\/uploads\/2024\/10\/media_thumbnail_744-353x500.jpg 353w, https:\/\/www.thedesecrivains.com\/wp-content\/uploads\/2024\/10\/media_thumbnail_744-324x459.jpg 324w, https:\/\/www.thedesecrivains.com\/wp-content\/uploads\/2024\/10\/media_thumbnail_744-416x589.jpg 416w\" sizes=\"auto, (max-width: 565px) 100vw, 565px\" \/><\/figure>\n\n\n\n<figure class=\"wp-block-image size-large\"><img loading=\"lazy\" decoding=\"async\" width=\"651\" height=\"800\" data-id=\"3084\" src=\"\/wp-content\/uploads\/2024\/10\/media_thumbnail_736.jpg\" alt=\"\" class=\"wp-image-3084\" srcset=\"https:\/\/www.thedesecrivains.com\/wp-content\/uploads\/2024\/10\/media_thumbnail_736.jpg 651w, https:\/\/www.thedesecrivains.com\/wp-content\/uploads\/2024\/10\/media_thumbnail_736-407x500.jpg 407w, https:\/\/www.thedesecrivains.com\/wp-content\/uploads\/2024\/10\/media_thumbnail_736-324x398.jpg 324w, https:\/\/www.thedesecrivains.com\/wp-content\/uploads\/2024\/10\/media_thumbnail_736-416x511.jpg 416w\" sizes=\"auto, (max-width: 651px) 100vw, 651px\" \/><\/figure>\n\n\n<div class=\"wp-block-image\">\n<figure class=\"aligncenter size-large\"><img loading=\"lazy\" decoding=\"async\" width=\"800\" height=\"578\" data-id=\"3082\" src=\"\/wp-content\/uploads\/2024\/10\/media_thumbnail_733.jpg\" alt=\"\" class=\"wp-image-3082\" srcset=\"https:\/\/www.thedesecrivains.com\/wp-content\/uploads\/2024\/10\/media_thumbnail_733.jpg 800w, https:\/\/www.thedesecrivains.com\/wp-content\/uploads\/2024\/10\/media_thumbnail_733-500x361.jpg 500w, https:\/\/www.thedesecrivains.com\/wp-content\/uploads\/2024\/10\/media_thumbnail_733-768x555.jpg 768w, https:\/\/www.thedesecrivains.com\/wp-content\/uploads\/2024\/10\/media_thumbnail_733-324x234.jpg 324w, https:\/\/www.thedesecrivains.com\/wp-content\/uploads\/2024\/10\/media_thumbnail_733-416x301.jpg 416w\" sizes=\"auto, (max-width: 800px) 100vw, 800px\" \/><\/figure>\n<\/div><\/figure>\n\n\n\n<figure class=\"wp-block-image size-full is-resized\"><img loading=\"lazy\" decoding=\"async\" width=\"800\" height=\"565\" src=\"\/wp-content\/uploads\/2024\/10\/media_thumbnail_701.jpg\" alt=\"\" class=\"wp-image-3078\" style=\"width:372px;height:auto\" srcset=\"https:\/\/www.thedesecrivains.com\/wp-content\/uploads\/2024\/10\/media_thumbnail_701.jpg 800w, https:\/\/www.thedesecrivains.com\/wp-content\/uploads\/2024\/10\/media_thumbnail_701-500x353.jpg 500w, https:\/\/www.thedesecrivains.com\/wp-content\/uploads\/2024\/10\/media_thumbnail_701-768x542.jpg 768w, https:\/\/www.thedesecrivains.com\/wp-content\/uploads\/2024\/10\/media_thumbnail_701-324x229.jpg 324w, https:\/\/www.thedesecrivains.com\/wp-content\/uploads\/2024\/10\/media_thumbnail_701-416x294.jpg 416w\" sizes=\"auto, (max-width: 800px) 100vw, 800px\" \/><\/figure>\n","protected":false},"excerpt":{"rendered":"<p>BUSINESS INFORMATIONinfo@thedesecrivains.com Le Th\u00e9 des \u00c9crivainsBoutique &amp; Salon de Th\u00e98, place Joseph Joubert24290 Montignac-Lascaux+ 33 5 53 42 80 27 RESPONSIBLERos&#8217;Ana Reisboutique@thedesecrivains.com DIRECTIONGeorges-Emmanuel Moraligem@thedesecrivains.com PARTNERSHIPS &#8211; DERIVATIVE PRODUCTS<\/p>\n","protected":false},"author":1,"featured_media":0,"parent":0,"menu_order":0,"comment_status":"closed","ping_status":"closed","template":"","meta":{"footnotes":""},"class_list":["post-2849","page","type-page","status-publish","hentry"],"_links":{"self":[{"href":"https:\/\/www.thedesecrivains.com\/en\/wp-json\/wp\/v2\/pages\/2849","targetHints":{"allow":["GET"]}}],"collection":[{"href":"https:\/\/www.thedesecrivains.com\/en\/wp-json\/wp\/v2\/pages"}],"about":[{"href":"https:\/\/www.thedesecrivains.com\/en\/wp-json\/wp\/v2\/types\/page"}],"author":[{"embeddable":true,"href":"https:\/\/www.thedesecrivains.com\/en\/wp-json\/wp\/v2\/users\/1"}],"replies":[{"embeddable":true,"href":"https:\/\/www.thedesecrivains.com\/en\/wp-json\/wp\/v2\/comments?post=2849"}],"version-history":[{"count":4,"href":"https:\/\/www.thedesecrivains.com\/en\/wp-json\/wp\/v2\/pages\/2849\/revisions"}],"predecessor-version":[{"id":3099,"href":"https:\/\/www.thedesecrivains.com\/en\/wp-json\/wp\/v2\/pages\/2849\/revisions\/3099"}],"wp:attachment":[{"href":"https:\/\/www.thedesecrivains.com\/en\/wp-json\/wp\/v2\/media?parent=2849"}],"curies":[{"name":"wp","href":"https:\/\/api.w.org\/{rel}","templated":true}]}}