{"id":1793,"date":"2023-06-27T10:41:01","date_gmt":"2023-06-27T08:41:01","guid":{"rendered":"\/\/edition\/"},"modified":"2024-10-01T10:07:39","modified_gmt":"2024-10-01T08:07:39","slug":"edition","status":"publish","type":"page","link":"https:\/\/www.thedesecrivains.com\/en\/edition\/","title":{"rendered":"Edition"},"content":{"rendered":"\n<figure class=\"wp-block-image size-full\"><img loading=\"lazy\" decoding=\"async\" width=\"1600\" height=\"900\" src=\"\/wp-content\/uploads\/2023\/06\/edition-tde.jpg\" alt=\"\" class=\"wp-image-1789\" srcset=\"https:\/\/www.thedesecrivains.com\/wp-content\/uploads\/2023\/06\/edition-tde.jpg 1600w, https:\/\/www.thedesecrivains.com\/wp-content\/uploads\/2023\/06\/edition-tde-500x281.jpg 500w, https:\/\/www.thedesecrivains.com\/wp-content\/uploads\/2023\/06\/edition-tde-800x450.jpg 800w, https:\/\/www.thedesecrivains.com\/wp-content\/uploads\/2023\/06\/edition-tde-768x432.jpg 768w, https:\/\/www.thedesecrivains.com\/wp-content\/uploads\/2023\/06\/edition-tde-1536x864.jpg 1536w, https:\/\/www.thedesecrivains.com\/wp-content\/uploads\/2023\/06\/edition-tde-1320x743.jpg 1320w, https:\/\/www.thedesecrivains.com\/wp-content\/uploads\/2023\/06\/edition-tde-324x182.jpg 324w, https:\/\/www.thedesecrivains.com\/wp-content\/uploads\/2023\/06\/edition-tde-416x234.jpg 416w\" sizes=\"auto, (max-width: 1600px) 100vw, 1600px\" \/><\/figure>\n\n<p><strong>Editorial adventures<\/strong><\/p>\n\n<p><em>Le th\u00e9 des \u00e9crivains \u00e9ditions publishes collective works of travel and transmission.<\/em><br\/><br\/>In 2019, a new illustrated collection &#8220;Fabulous Fruits&#8221; explains with erudition and lightness: the origin of the fruit, the different varieties, its history and legends, its representations, its iconography, its uses&#8230;and some emblematic recipes! The first books, <strong><em> Plum<\/em> by Marie Treps<\/strong> and <strong><em>Apple by<\/em> Martine Laffon.<\/strong><br\/>Co-published with TohuBohu \u00e9ditions.<br\/><br\/><strong>BOOKS PUBLISHED  <br\/>Pondicherry Massala<\/strong><em>  Th\u00e9 des \u00c9crivains\/Le Seuil &#8211; Anne Garde, Laure Verni\u00e8re<br\/><\/em><strong>Des Nouvelles du Cin\u00e9ma T1.T2.T3<\/strong> <em>Th\u00e9 des \u00c9crivains\/Le Seuil &#8211; Collectif de 52 auteurs<br\/><strong>Collection Ciseaux Migrateurs <\/strong>&#8211; Illustrations H\u00e9l\u00e8ne Rajcak, Damien Laverdunt, Laurent Corvaisier<strong><br\/>Comme un Touareg\/Comme un Maharaja\/Comme un Tsigane<\/strong> Th\u00e9 des \u00c9crivains\/JBZ <br\/><strong>Jerusalem &amp; the Missing Princess<\/strong> Th\u00e9 des \u00c9crivains &#8211; Illustrations Zandra Zemor<br\/><\/em><strong>Ingrid Jonker L&#8217;Enfant n&#8217;est pas mort<\/strong> <em> Th\u00e9 des \u00c9crivains\/Zootrope Films &#8211; Illustrations Fr\u00e9d\u00e9ric Boulleaux<br\/><\/em><strong>Yocci&#8217;s Menu<\/strong><em> Writers&#8217; Tea &#8211; Yoshiko Noda<br\/><\/em><strong>Embarquement 5,32&#8242;<\/strong> <em>Th\u00e9 des Ecrivains &#8211; Collective of 18 authors<br\/><\/em><strong>5&#8242; before dawn<\/strong> <em>Th\u00e9 des Ecrivains\/Lire en F\u00eate &#8211; Collective of 28 authors<br\/><strong>Les Myst\u00e8res du Lido\/The Mysteries of the Lido<\/strong>,Th\u00e9 des Ecrivains\/Lido &#8211; Anne Garde, Laure Verni\u00e8re<br\/><strong>T\u00eate \u00e0 T\u00eate 11 women publishers in India<\/strong> Th\u00e9 des Ecrivains\/ Mumba\u00ef Gallery<br\/><strong>Conte et Raconte<\/strong> Th\u00e9 des Ecrivains\/Herm\u00e8s. Texts by Georges-Emmanuel Morali<br\/><strong>Plum<\/strong> by Marie Treps &#8211; <strong>Apple<\/strong> by Martine Laffon. Th\u00e9 des Ecrivains\/TohuBohu \u00e9ditions.<\/em><br\/><em><br\/>FIND BOOKS &gt; <a href=\"https:\/\/www.lalibrairie.com\/livres\/editeurs\/the-des-ecrivains,0-743333.html\">https:\/\/www.lalibrairie.com\/livres\/editeurs\/the-des-ecrivains,0-743333.html<\/a><\/em><\/p>\n","protected":false},"excerpt":{"rendered":"<p>Editorial adventures Le th\u00e9 des \u00e9crivains \u00e9ditions publishes collective works of travel and transmission. In 2019, a new illustrated collection &#8220;Fabulous Fruits&#8221; explains with erudition and lightness: the origin of the fruit, the different varieties, its history and legends, its representations, its iconography, its uses&#8230;and some emblematic recipes! The first books, Plum by Marie Treps [&hellip;]<\/p>\n","protected":false},"author":1,"featured_media":0,"parent":0,"menu_order":0,"comment_status":"closed","ping_status":"closed","template":"","meta":{"footnotes":""},"class_list":["post-1793","page","type-page","status-publish","hentry"],"_links":{"self":[{"href":"https:\/\/www.thedesecrivains.com\/en\/wp-json\/wp\/v2\/pages\/1793","targetHints":{"allow":["GET"]}}],"collection":[{"href":"https:\/\/www.thedesecrivains.com\/en\/wp-json\/wp\/v2\/pages"}],"about":[{"href":"https:\/\/www.thedesecrivains.com\/en\/wp-json\/wp\/v2\/types\/page"}],"author":[{"embeddable":true,"href":"https:\/\/www.thedesecrivains.com\/en\/wp-json\/wp\/v2\/users\/1"}],"replies":[{"embeddable":true,"href":"https:\/\/www.thedesecrivains.com\/en\/wp-json\/wp\/v2\/comments?post=1793"}],"version-history":[{"count":2,"href":"https:\/\/www.thedesecrivains.com\/en\/wp-json\/wp\/v2\/pages\/1793\/revisions"}],"predecessor-version":[{"id":1796,"href":"https:\/\/www.thedesecrivains.com\/en\/wp-json\/wp\/v2\/pages\/1793\/revisions\/1796"}],"wp:attachment":[{"href":"https:\/\/www.thedesecrivains.com\/en\/wp-json\/wp\/v2\/media?parent=1793"}],"curies":[{"name":"wp","href":"https:\/\/api.w.org\/{rel}","templated":true}]}}