{"id":1758,"date":"2023-06-26T18:44:22","date_gmt":"2023-06-26T16:44:22","guid":{"rendered":"\/\/how-to-find-us\/"},"modified":"2024-10-23T11:15:01","modified_gmt":"2024-10-23T09:15:01","slug":"how-to-find-us","status":"publish","type":"page","link":"https:\/\/www.thedesecrivains.com\/en\/how-to-find-us\/","title":{"rendered":"How to find us"},"content":{"rendered":"\n<p><strong>You can find our tea collection in the following outlets<br>non-exhaustive list<\/strong><\/p>\n\n\n\n<p><strong>FRANCE<\/strong><br>Librairie Expression<br>10 Place des Pins<br>06740 Ch\u00e2teauneuf de Grasse  <br><br>Les Ruelles bookshop<br>7, place de l&#8217;Ancien-H\u00f4tel-de-Ville<br>24000 P\u00e9rigueux<br><br>Le Salon Th\u00e9 des Ecrivains<br>Dordogne-P\u00e9rigord<br>8 Place Joubert<br>24290 Montignac Lascaux<br><br>Bahon Rault Bookshop<br>18 rue du Champ-Jacquet<br>35000 Rennes<br><br>Maison de George Sand<br>2 place Sainte-Anne<br>36 400 NOHANT-VIC<br><br>L&#8217;Arbre Vagabond <br>776 Chemin Du Gros De Cheyne<br>43400 Le Chambon Sur Lignon<br><br>L&#8217;Auberge des Cevennes<br>La Placette<br>48220 Le Pont de Montvert<br><br>Au Chemin des Livres Bookstore<br>13 Place de la Halle<br>82340 AUVILLAR<br><br>La Manoeuvre bookshop<br>58 rue de la Roquette<br>7511 Paris  <br><br>Librairie du Cin\u00e9ma du Panth\u00e9on<br>13 rue Victor Cousin<br>75005 PARIS<br><br>Guimet Museum Bookshop<\/p>\n\n\n\n<p>Ya Lama\u00ef Tha\u00ef Restaurant<br>4 rue Jean-Pierre Timbaud<br>75011 PARIS<br><br>Les Pipelettes<br>62 rue Carnot<br>93230 Romainville<br><br>Mus\u00e9e Jean-Jacques Rousseau<br>5 Rue Jean-Jacques Rousseau<br>95160 MONTMORENCY<br><br><strong>BELGIUM<\/strong><br>A Livre Ouvert Le Rat Conteur<br>116 rue Saint-Lambert<br>1200 Brussels<br><br><strong>SWITZERLAND<\/strong><br>Librairie le Vent des Routes<br>50 rue des Bains<br>CH-1205 Gen\u00e8ve<br><br><strong>UNITED STATES<\/strong><br>Librairie Albertine<br>972 Fifth Avenue <br>New York &#8211; NY 10075<\/p>\n\n\n\n<p><\/p>\n","protected":false},"excerpt":{"rendered":"<p>You can find our tea collection in the following outletsnon-exhaustive list FRANCELibrairie Expression10 Place des Pins06740 Ch\u00e2teauneuf de Grasse Les Ruelles bookshop7, place de l&#8217;Ancien-H\u00f4tel-de-Ville24000 P\u00e9rigueux Le Salon Th\u00e9 des EcrivainsDordogne-P\u00e9rigord8 Place Joubert24290 Montignac Lascaux Bahon Rault Bookshop18 rue du Champ-Jacquet35000 Rennes Maison de George Sand2 place Sainte-Anne36 400 NOHANT-VIC L&#8217;Arbre Vagabond 776 Chemin Du [&hellip;]<\/p>\n","protected":false},"author":1,"featured_media":0,"parent":0,"menu_order":0,"comment_status":"closed","ping_status":"closed","template":"","meta":{"footnotes":""},"class_list":["post-1758","page","type-page","status-publish","hentry"],"_links":{"self":[{"href":"https:\/\/www.thedesecrivains.com\/en\/wp-json\/wp\/v2\/pages\/1758","targetHints":{"allow":["GET"]}}],"collection":[{"href":"https:\/\/www.thedesecrivains.com\/en\/wp-json\/wp\/v2\/pages"}],"about":[{"href":"https:\/\/www.thedesecrivains.com\/en\/wp-json\/wp\/v2\/types\/page"}],"author":[{"embeddable":true,"href":"https:\/\/www.thedesecrivains.com\/en\/wp-json\/wp\/v2\/users\/1"}],"replies":[{"embeddable":true,"href":"https:\/\/www.thedesecrivains.com\/en\/wp-json\/wp\/v2\/comments?post=1758"}],"version-history":[{"count":7,"href":"https:\/\/www.thedesecrivains.com\/en\/wp-json\/wp\/v2\/pages\/1758\/revisions"}],"predecessor-version":[{"id":3109,"href":"https:\/\/www.thedesecrivains.com\/en\/wp-json\/wp\/v2\/pages\/1758\/revisions\/3109"}],"wp:attachment":[{"href":"https:\/\/www.thedesecrivains.com\/en\/wp-json\/wp\/v2\/media?parent=1758"}],"curies":[{"name":"wp","href":"https:\/\/api.w.org\/{rel}","templated":true}]}}